{"id":2216,"date":"2020-05-17T09:49:32","date_gmt":"2020-05-17T07:49:32","guid":{"rendered":"http:\/\/psv-neustrelitz.de\/wp\/?page_id=2216"},"modified":"2024-09-15T10:38:14","modified_gmt":"2024-09-15T08:38:14","slug":"mitgliedschaft","status":"publish","type":"page","link":"https:\/\/psv-neustrelitz.de\/wp\/mitgliedschaft\/","title":{"rendered":"Mitgliedschaft"},"content":{"rendered":"<p>[et_pb_section fb_built=&#8220;1&#8243; admin_label=&#8220;section&#8220; _builder_version=&#8220;4.16&#8243; background_color=&#8220;#10385a&#8220; global_colors_info=&#8220;{}&#8220;][et_pb_row _builder_version=&#8220;4.16&#8243; _module_preset=&#8220;default&#8220; global_colors_info=&#8220;{}&#8220;][et_pb_column type=&#8220;4_4&#8243; _builder_version=&#8220;4.16&#8243; _module_preset=&#8220;default&#8220; global_colors_info=&#8220;{}&#8220;][et_pb_text _builder_version=&#8220;4.16&#8243; _module_preset=&#8220;default&#8220; text_text_color=&#8220;#FFFFFF&#8220; header_4_text_color=&#8220;#FFFFFF&#8220; global_colors_info=&#8220;{}&#8220;]<\/p>\n<h4 style=\"text-align: center;\">Auf dieser Seite findet ihr Informationen zur Mitgliedschaft beim PSV Neustrelitz e.V. zum Download als PDF Dokument.<\/h4>\n<p>[\/et_pb_text][\/et_pb_column][\/et_pb_row][et_pb_row disabled_on=&#8220;on|on|on&#8220; _builder_version=&#8220;4.22.1&#8243; _module_preset=&#8220;default&#8220; disabled=&#8220;on&#8220; locked=&#8220;off&#8220; global_colors_info=&#8220;{}&#8220;][et_pb_column type=&#8220;4_4&#8243; _builder_version=&#8220;4.16&#8243; _module_preset=&#8220;default&#8220; global_colors_info=&#8220;{}&#8220;][et_pb_text _builder_version=&#8220;4.22.1&#8243; _module_preset=&#8220;default&#8220; text_text_color=&#8220;#FFFFFF&#8220; header_4_text_color=&#8220;#FFFFFF&#8220; global_colors_info=&#8220;{}&#8220;]<\/p>\n<h4 style=\"text-align: center;\"><span style=\"color: #ff0000;\">ACHTUNG<\/span><br \/><span style=\"color: #ff0000;\">Aufgrund eines technischen defektes funktionieren die Formulare f\u00fcr den Mitgliedsantrag und f\u00fcr die K\u00fcndigung der Mitgliedschaft derzeit nicht. Wir bitten diesen Umstand zu entschuldigen. Bitte wenden Sie sich an die Gesch\u00e4ftsstelle oder den Abteilungsleiter.<\/span><\/h4>\n<p>[\/et_pb_text][\/et_pb_column][\/et_pb_row][et_pb_row column_structure=&#8220;1_4,1_4,1_4,1_4&#8243; use_custom_gutter=&#8220;on&#8220; gutter_width=&#8220;2&#8243; _builder_version=&#8220;4.19.4&#8243; _module_preset=&#8220;default&#8220; global_colors_info=&#8220;{}&#8220;][et_pb_column type=&#8220;1_4&#8243; _builder_version=&#8220;4.16&#8243; _module_preset=&#8220;default&#8220; global_colors_info=&#8220;{}&#8220;][et_pb_button button_url=&#8220;https:\/\/psv-neustrelitz.de\/wp\/mitgliedsantrag&#8220; button_text=&#8220;Mitgliedsantrag&#8220; button_alignment=&#8220;center&#8220; _builder_version=&#8220;4.20.2&#8243; _module_preset=&#8220;default&#8220; custom_button=&#8220;on&#8220; button_text_color=&#8220;#FFFFFF&#8220; button_border_color=&#8220;#7c9d35&#8243; global_colors_info=&#8220;{}&#8220;][\/et_pb_button][\/et_pb_column][et_pb_column type=&#8220;1_4&#8243; _builder_version=&#8220;4.16&#8243; _module_preset=&#8220;default&#8220; global_colors_info=&#8220;{}&#8220;][et_pb_button button_url=&#8220;https:\/\/psv-neustrelitz.de\/wp\/wp-content\/uploads\/Mitgliedsbeitraege_2023-01-01.pdf&#8220; url_new_window=&#8220;on&#8220; button_text=&#8220;Mitgliedsbeitr\u00e4ge&#8220; button_alignment=&#8220;center&#8220; _builder_version=&#8220;4.19.4&#8243; _module_preset=&#8220;default&#8220; custom_button=&#8220;on&#8220; button_text_color=&#8220;#FFFFFF&#8220; button_border_color=&#8220;#7c9d35&#8243; locked=&#8220;off&#8220; global_colors_info=&#8220;{}&#8220;][\/et_pb_button][\/et_pb_column][et_pb_column type=&#8220;1_4&#8243; _builder_version=&#8220;4.16&#8243; _module_preset=&#8220;default&#8220; global_colors_info=&#8220;{}&#8220;][et_pb_button button_url=&#8220;https:\/\/psv-neustrelitz.de\/wp\/wp-content\/uploads\/beitragsordnung_2023.pdf&#8220; url_new_window=&#8220;on&#8220; button_text=&#8220;Beitragsordnung&#8220; button_alignment=&#8220;center&#8220; _builder_version=&#8220;4.19.4&#8243; _module_preset=&#8220;default&#8220; custom_button=&#8220;on&#8220; button_text_color=&#8220;#FFFFFF&#8220; button_border_color=&#8220;#7c9d35&#8243; locked=&#8220;off&#8220; global_colors_info=&#8220;{}&#8220;][\/et_pb_button][\/et_pb_column][et_pb_column type=&#8220;1_4&#8243; _builder_version=&#8220;4.16&#8243; _module_preset=&#8220;default&#8220; global_colors_info=&#8220;{}&#8220;][et_pb_button button_url=&#8220;https:\/\/psv-neustrelitz.de\/download\/satzung.pdf&#8220; url_new_window=&#8220;on&#8220; button_text=&#8220;Satzung&#8220; button_alignment=&#8220;center&#8220; _builder_version=&#8220;4.16&#8243; _module_preset=&#8220;default&#8220; custom_button=&#8220;on&#8220; button_text_color=&#8220;#FFFFFF&#8220; button_border_color=&#8220;#7c9d35&#8243; global_colors_info=&#8220;{}&#8220;][\/et_pb_button][\/et_pb_column][\/et_pb_row][et_pb_row column_structure=&#8220;1_4,1_4,1_4,1_4&#8243; use_custom_gutter=&#8220;on&#8220; gutter_width=&#8220;2&#8243; _builder_version=&#8220;4.19.4&#8243; _module_preset=&#8220;default&#8220; locked=&#8220;off&#8220; global_colors_info=&#8220;{}&#8220;][et_pb_column type=&#8220;1_4&#8243; _builder_version=&#8220;4.16&#8243; _module_preset=&#8220;default&#8220; global_colors_info=&#8220;{}&#8220;][et_pb_button button_url=&#8220;https:\/\/psv-neustrelitz.de\/wp\/kuendigung&#8220; button_text=&#8220;K\u00fcndigung der Mitgliedschaft&#8220; button_alignment=&#8220;center&#8220; _builder_version=&#8220;4.20.4&#8243; _module_preset=&#8220;default&#8220; custom_button=&#8220;on&#8220; button_text_color=&#8220;#FFFFFF&#8220; button_border_color=&#8220;#7c9d35&#8243; global_colors_info=&#8220;{}&#8220;][\/et_pb_button][\/et_pb_column][et_pb_column type=&#8220;1_4&#8243; _builder_version=&#8220;4.16&#8243; _module_preset=&#8220;default&#8220; global_colors_info=&#8220;{}&#8220;][\/et_pb_column][et_pb_column type=&#8220;1_4&#8243; _builder_version=&#8220;4.16&#8243; _module_preset=&#8220;default&#8220; global_colors_info=&#8220;{}&#8220;][\/et_pb_column][et_pb_column type=&#8220;1_4&#8243; _builder_version=&#8220;4.16&#8243; _module_preset=&#8220;default&#8220; global_colors_info=&#8220;{}&#8220;][\/et_pb_column][\/et_pb_row][\/et_pb_section]<\/p>\n","protected":false},"excerpt":{"rendered":"<p>Auf dieser Seite findet ihr Informationen zur Mitgliedschaft beim PSV Neustrelitz e.V. zum Download als PDF Dokument.ACHTUNGAufgrund eines technischen defektes funktionieren die Formulare f\u00fcr den Mitgliedsantrag und f\u00fcr die K\u00fcndigung der Mitgliedschaft derzeit nicht. Wir bitten diesen Umstand zu entschuldigen. Bitte wenden Sie sich an die Gesch\u00e4ftsstelle oder den Abteilungsleiter.<\/p>\n","protected":false},"author":1,"featured_media":0,"parent":0,"menu_order":0,"comment_status":"closed","ping_status":"closed","template":"","meta":{"_et_pb_use_builder":"on","_et_pb_old_content":"<!-- wp:group {\"className\":\"group-container\"} -->\n<div class=\"wp-block-group group-container\"><div class=\"wp-block-group__inner-container\"><!-- wp:file {\"id\":2215,\"href\":\"https:\/\/psv-neustrelitz.de\/wp\/wp-content\/uploads\/mitgliedsbeitraege.pdf\",\"align\":\"center\"} -->\n<div class=\"wp-block-file aligncenter\"><a href=\"https:\/\/psv-neustrelitz.de\/wp\/wp-content\/uploads\/mitgliedsbeitraege.pdf\"><strong>Mitgliedsbeitr\u00e4ge<\/strong><\/a><a href=\"https:\/\/psv-neustrelitz.de\/wp\/wp-content\/uploads\/mitgliedsbeitraege.pdf\" class=\"wp-block-file__button\" download>Herunterladen<\/a><\/div>\n<!-- \/wp:file -->\n\n<!-- wp:spacer {\"height\":20} -->\n<div style=\"height:20px\" aria-hidden=\"true\" class=\"wp-block-spacer\"><\/div>\n<!-- \/wp:spacer -->\n\n<!-- wp:file {\"id\":2247,\"href\":\"https:\/\/psv-neustrelitz.de\/wp\/wp-content\/uploads\/mitgliedsantrag_sepa-mandat_psv-ntz.pdf\",\"align\":\"center\"} -->\n<div class=\"wp-block-file aligncenter\"><a href=\"https:\/\/psv-neustrelitz.de\/wp\/wp-content\/uploads\/mitgliedsantrag_sepa-mandat_psv-ntz.pdf\"><strong>Mitgliedsantrag<\/strong><\/a><a href=\"https:\/\/psv-neustrelitz.de\/wp\/wp-content\/uploads\/mitgliedsantrag_sepa-mandat_psv-ntz.pdf\" class=\"wp-block-file__button\" download>Herunterladen<\/a><\/div>\n<!-- \/wp:file --><\/div><\/div>\n<!-- \/wp:group -->\n\n<!-- wp:spacer {\"height\":20} -->\n<div style=\"height:20px\" aria-hidden=\"true\" class=\"wp-block-spacer\"><\/div>\n<!-- \/wp:spacer -->\n\n<!-- wp:group {\"className\":\"group-container\"} -->\n<div class=\"wp-block-group group-container\"><div class=\"wp-block-group__inner-container\"><!-- wp:paragraph {\"align\":\"center\"} -->\n<p class=\"has-text-align-center\">Die Satzung und die Beitragsordnung finden Sie unter dem Link <a href=\"https:\/\/psv-neustrelitz.de\/wp\/?page_id=346\">Download<\/a>.<br><\/p>\n<!-- \/wp:paragraph --><\/div><\/div>\n<!-- \/wp:group -->","_et_gb_content_width":"","footnotes":""},"class_list":["post-2216","page","type-page","status-publish","hentry"],"_links":{"self":[{"href":"https:\/\/psv-neustrelitz.de\/wp\/wp-json\/wp\/v2\/pages\/2216","targetHints":{"allow":["GET"]}}],"collection":[{"href":"https:\/\/psv-neustrelitz.de\/wp\/wp-json\/wp\/v2\/pages"}],"about":[{"href":"https:\/\/psv-neustrelitz.de\/wp\/wp-json\/wp\/v2\/types\/page"}],"author":[{"embeddable":true,"href":"https:\/\/psv-neustrelitz.de\/wp\/wp-json\/wp\/v2\/users\/1"}],"replies":[{"embeddable":true,"href":"https:\/\/psv-neustrelitz.de\/wp\/wp-json\/wp\/v2\/comments?post=2216"}],"version-history":[{"count":27,"href":"https:\/\/psv-neustrelitz.de\/wp\/wp-json\/wp\/v2\/pages\/2216\/revisions"}],"predecessor-version":[{"id":4573,"href":"https:\/\/psv-neustrelitz.de\/wp\/wp-json\/wp\/v2\/pages\/2216\/revisions\/4573"}],"wp:attachment":[{"href":"https:\/\/psv-neustrelitz.de\/wp\/wp-json\/wp\/v2\/media?parent=2216"}],"curies":[{"name":"wp","href":"https:\/\/api.w.org\/{rel}","templated":true}]}}