{"id":3764,"date":"2022-09-21T10:17:00","date_gmt":"2022-09-21T08:17:00","guid":{"rendered":"http:\/\/psv-neustrelitz.de\/wp\/?page_id=3764"},"modified":"2022-09-21T10:53:36","modified_gmt":"2022-09-21T08:53:36","slug":"delegiertenversammlung","status":"publish","type":"page","link":"https:\/\/psv-neustrelitz.de\/wp\/delegiertenversammlung\/","title":{"rendered":"Delegiertenversammlung"},"content":{"rendered":"<p>[et_pb_section fb_built=&#8220;1&#8243; _builder_version=&#8220;4.18.0&#8243; _module_preset=&#8220;default&#8220; global_colors_info=&#8220;{}&#8220; background_color=&#8220;#10385a&#8220;][et_pb_row _builder_version=&#8220;4.18.0&#8243; _module_preset=&#8220;default&#8220; hover_enabled=&#8220;0&#8243; global_colors_info=&#8220;{}&#8220; locked=&#8220;off&#8220; width=&#8220;40%&#8220; sticky_enabled=&#8220;0&#8243;][et_pb_column type=&#8220;4_4&#8243; _builder_version=&#8220;4.16&#8243; _module_preset=&#8220;default&#8220; global_colors_info=&#8220;{}&#8220;][et_pb_text _builder_version=&#8220;4.18.0&#8243; _module_preset=&#8220;default&#8220; text_text_color=&#8220;#FFFFFF&#8220; background_layout=&#8220;dark&#8220; hover_enabled=&#8220;0&#8243; sticky_enabled=&#8220;0&#8243; custom_margin=&#8220;||30px||false|false&#8220;]<\/p>\n<h2 style=\"text-align: center;\"><strong>Delegiertenversammlung 2022<\/strong><\/h2>\n<p>[\/et_pb_text][et_pb_text _builder_version=&#8220;4.18.0&#8243; _module_preset=&#8220;default&#8220; text_text_color=&#8220;#FFFFFF&#8220; header_4_text_color=&#8220;#FFFFFF&#8220; hover_enabled=&#8220;0&#8243; global_colors_info=&#8220;{}&#8220; sticky_enabled=&#8220;0&#8243; text_font_size=&#8220;16px&#8220;]<\/p>\n<p><strong>Einladung zur Delegiertenversammlung mit Vorstandswahl<\/strong><\/p>\n<p>Liebe Vereinsmitglieder,<br \/>wir laden euch zur Delegiertenversammlung mit Vorstandswahl ein.<\/p>\n<p><strong>Datum: 19.10.2022<\/strong><br \/><strong>Zeit: 18:00 Uhr<\/strong><br \/><strong>Ort: Schulsporthalle der Grundschule Daniel Sanders Strelitz-Alt<\/strong><\/p>\n<p>Die Tagesordnung befindet sich im Anhang. Antr\u00e4ge an die Delegiertenversammlung und Vorschl\u00e4ge f\u00fcr Kandidaten zur Vorstandswahl sind bis zum 07.10.2022 schriftlich beim Vorstand einzureichen.<\/p>\n<p>Ein kleiner Imbiss wird vorbereitet.<\/p>\n<p>Ingo Berner | Gesch\u00e4ftsf\u00fchrer<br \/>Ralf Minkner | 1. Vorsitzender<\/p>\n<p>&nbsp;<\/p>\n<p>Neustrelitz, den 20.09.2022<\/p>\n<p>[\/et_pb_text][\/et_pb_column][\/et_pb_row][et_pb_row _builder_version=&#8220;4.18.0&#8243; _module_preset=&#8220;default&#8220; column_structure=&#8220;1_3,1_3,1_3&#8243; width=&#8220;75%&#8220; hover_enabled=&#8220;0&#8243; sticky_enabled=&#8220;0&#8243;][et_pb_column _builder_version=&#8220;4.18.0&#8243; _module_preset=&#8220;default&#8220; type=&#8220;1_3&#8243;][et_pb_button button_url=&#8220;https:\/\/psv-neustrelitz.de\/wp\/wp-content\/uploads\/1.-Einladung-DV-2022-10-19.pdf&#8220; url_new_window=&#8220;on&#8220; button_text=&#8220;Einladung als PDF&#8220; button_alignment=&#8220;center&#8220; _builder_version=&#8220;4.18.0&#8243; _module_preset=&#8220;default&#8220; custom_button=&#8220;on&#8220; button_text_color=&#8220;#FFFFFF&#8220; button_border_color=&#8220;#7c9d35&#8243; hover_enabled=&#8220;0&#8243; global_colors_info=&#8220;{}&#8220; locked=&#8220;off&#8220; sticky_enabled=&#8220;0&#8243;][\/et_pb_button][\/et_pb_column][et_pb_column _builder_version=&#8220;4.18.0&#8243; _module_preset=&#8220;default&#8220; type=&#8220;1_3&#8243;][et_pb_button button_url=&#8220;https:\/\/psv-neustrelitz.de\/wp\/wp-content\/uploads\/2.-Tagesordnung-DV-2022-10-19.pdf&#8220; url_new_window=&#8220;on&#8220; button_text=&#8220;Tagesordnung als PDF&#8220; button_alignment=&#8220;center&#8220; _builder_version=&#8220;4.18.0&#8243; _module_preset=&#8220;default&#8220; custom_button=&#8220;on&#8220; button_text_color=&#8220;#FFFFFF&#8220; button_border_color=&#8220;#7c9d35&#8243; hover_enabled=&#8220;0&#8243; global_colors_info=&#8220;{}&#8220; locked=&#8220;off&#8220; sticky_enabled=&#8220;0&#8243;][\/et_pb_button][\/et_pb_column][et_pb_column _builder_version=&#8220;4.18.0&#8243; _module_preset=&#8220;default&#8220; type=&#8220;1_3&#8243;][et_pb_button button_url=&#8220;https:\/\/psv-neustrelitz.de\/wp\/wp-content\/uploads\/3.-Delegiertenschluessel-DV-2022-10-19.pdf&#8220; url_new_window=&#8220;on&#8220; button_text=&#8220;Delegiertenschl\u00fcssel als PDF&#8220; button_alignment=&#8220;center&#8220; _builder_version=&#8220;4.18.0&#8243; _module_preset=&#8220;default&#8220; custom_button=&#8220;on&#8220; button_text_color=&#8220;#FFFFFF&#8220; button_border_color=&#8220;#7c9d35&#8243; hover_enabled=&#8220;0&#8243; global_colors_info=&#8220;{}&#8220; locked=&#8220;off&#8220; sticky_enabled=&#8220;0&#8243;][\/et_pb_button][\/et_pb_column][\/et_pb_row][\/et_pb_section]<\/p>\n","protected":false},"excerpt":{"rendered":"<p>Delegiertenversammlung 2022Einladung zur Delegiertenversammlung mit Vorstandswahl Liebe Vereinsmitglieder,wir laden euch zur Delegiertenversammlung mit Vorstandswahl ein. Datum: 19.10.2022Zeit: 18:00 UhrOrt: Schulsporthalle der Grundschule Daniel Sanders Strelitz-Alt Die Tagesordnung befindet sich im Anhang. Antr\u00e4ge an die Delegiertenversammlung und Vorschl\u00e4ge f\u00fcr Kandidaten zur Vorstandswahl sind bis zum 07.10.2022 schriftlich beim Vorstand einzureichen. Ein kleiner Imbiss wird vorbereitet. Ingo [&hellip;]<\/p>\n","protected":false},"author":1,"featured_media":0,"parent":0,"menu_order":0,"comment_status":"closed","ping_status":"closed","template":"","meta":{"_et_pb_use_builder":"on","_et_pb_old_content":"","_et_gb_content_width":"","footnotes":""},"class_list":["post-3764","page","type-page","status-publish","hentry"],"_links":{"self":[{"href":"https:\/\/psv-neustrelitz.de\/wp\/wp-json\/wp\/v2\/pages\/3764","targetHints":{"allow":["GET"]}}],"collection":[{"href":"https:\/\/psv-neustrelitz.de\/wp\/wp-json\/wp\/v2\/pages"}],"about":[{"href":"https:\/\/psv-neustrelitz.de\/wp\/wp-json\/wp\/v2\/types\/page"}],"author":[{"embeddable":true,"href":"https:\/\/psv-neustrelitz.de\/wp\/wp-json\/wp\/v2\/users\/1"}],"replies":[{"embeddable":true,"href":"https:\/\/psv-neustrelitz.de\/wp\/wp-json\/wp\/v2\/comments?post=3764"}],"version-history":[{"count":8,"href":"https:\/\/psv-neustrelitz.de\/wp\/wp-json\/wp\/v2\/pages\/3764\/revisions"}],"predecessor-version":[{"id":3779,"href":"https:\/\/psv-neustrelitz.de\/wp\/wp-json\/wp\/v2\/pages\/3764\/revisions\/3779"}],"wp:attachment":[{"href":"https:\/\/psv-neustrelitz.de\/wp\/wp-json\/wp\/v2\/media?parent=3764"}],"curies":[{"name":"wp","href":"https:\/\/api.w.org\/{rel}","templated":true}]}}